{"id":309,"date":"2023-09-15T11:35:19","date_gmt":"2023-09-15T11:35:19","guid":{"rendered":"https:\/\/acordeon.pt\/events\/?page_id=309"},"modified":"2024-06-05T13:25:28","modified_gmt":"2024-06-05T13:25:28","slug":"sobre-2","status":"publish","type":"page","link":"https:\/\/acordeon.pt\/events\/sobre-2\/","title":{"rendered":"Sobre N\u00f3s"},"content":{"rendered":"<style type=\"text\/css\" scoped>.rbs_gallery_69f26f2ea4442Spinner{\r\n\t\t\t\tmargin: 50px auto;\r\n\t\t\t\twidth: 50px;\r\n\t\t\t\theight: 40px;\r\n\t\t\t\ttext-align: center;\r\n\t\t\t\tfont-size: 10px;\r\n\t\t\t}\r\n\t\t\t.rbs_gallery_69f26f2ea4442Spinner > div{\r\n\t\t\t  background-color: #333;\r\n\t\t\t  height: 100%;\r\n\t\t\t  width: 6px;\r\n\t\t\t  display: inline-block;\r\n\t\t\t  -webkit-animation: rbs_gallery_69f26f2ea4442-stretchdelay 1.2s infinite ease-in-out;\r\n\t\t\t  animation: rbs_gallery_69f26f2ea4442-stretchdelay 1.2s infinite ease-in-out;\r\n\t\t\t}\r\n\t\t\t.rbs_gallery_69f26f2ea4442Spinner .rbs_gallery_69f26f2ea4442Rect2 {\r\n\t\t\t  -webkit-animation-delay: -1.1s;\r\n\t\t\t  animation-delay: -1.1s;\r\n\t\t\t}\r\n\t\t\t.rbs_gallery_69f26f2ea4442Spinner .rbs_gallery_69f26f2ea4442Rect3 {\r\n\t\t\t  -webkit-animation-delay: -1.0s;\r\n\t\t\t  animation-delay: -1.0s;\r\n\t\t\t}\r\n\t\t\t.rbs_gallery_69f26f2ea4442Spinner .rbs_gallery_69f26f2ea4442Rect4 {\r\n\t\t\t  -webkit-animation-delay: -0.9s;\r\n\t\t\t  animation-delay: -0.9s;\r\n\t\t\t}\r\n\t\t\t.rbs_gallery_69f26f2ea4442Spinner .rbs_gallery_69f26f2ea4442Rect5 {\r\n\t\t\t  -webkit-animation-delay: -0.8s;\r\n\t\t\t  animation-delay: -0.8s;\r\n\t\t\t}\r\n\t\t\t@-webkit-keyframes rbs_gallery_69f26f2ea4442-stretchdelay {\r\n\t\t\t  0%, 40%, 100% { -webkit-transform: scaleY(0.4) }  \r\n\t\t\t  20% { -webkit-transform: scaleY(1.0) }\r\n\t\t\t}\r\n\t\t\t@keyframes rbs_gallery_69f26f2ea4442-stretchdelay {\r\n\t\t\t  0%, 40%, 100% { \r\n\t\t\t    transform: scaleY(0.4);\r\n\t\t\t    -webkit-transform: scaleY(0.4);\r\n\t\t\t  }  20% { \r\n\t\t\t    transform: scaleY(1.0);\r\n\t\t\t    -webkit-transform: scaleY(1.0);\r\n\t\t\t  }\r\n\t\t\t}\r\n\t\t<\/style><div class=\"robo-gallery-wrap robo-gallery-wrap-id1126 robo-gallery-grid\" ><div id=\"rbs_gallery_69f26f2ea4442-block-loader\" class=\"rbs_gallery_69f26f2ea4442Spinner\"><div class=\"rbs_gallery_69f26f2ea4442Rect1\"><\/div> <div class=\"rbs_gallery_69f26f2ea4442Rect2\"><\/div> <div class=\"rbs_gallery_69f26f2ea4442Rect3\"><\/div> <div class=\"rbs_gallery_69f26f2ea4442Rect4\"><\/div> <div class=\"rbs_gallery_69f26f2ea4442Rect5\"><\/div><\/div><div id=\"robo_gallery_main_block_rbs_gallery_69f26f2ea4442\" class=\"robogallery-gallery-1126\" style=\"width:100%;  display: none;\"><div id=\"rbs_gallery_69f26f2ea4442\" data-options=\"rbs_gallery_69f26f2ea4442\" style=\"width:100%;\" class=\"robo_gallery  \"><div class=\"rbs-img  category1126 \" ><div class=\"rbs-img-image   rbs-lightbox \" ><div class=\"rbs-img-thumbs\"  data-thumbnail=\"https:\/\/acordeon.pt\/events\/wp-content\/uploads\/2024\/06\/Imagem2.jpg\"  title=\"Imagem2\"  data-width=\"640\"  data-height=\"720\" ><\/div><div class=\"rbs-img-data-popup\"  data-popup=\"https:\/\/acordeon.pt\/events\/wp-content\/uploads\/2024\/06\/Imagem2.jpg\"  title=\"Imagem2\" ><\/div><div class=\"thumbnail-overlay\"><div class=\"rbsIcons\"><i class=\"fa fa-search-plus rbsZoomIcon \" ><\/i><\/div><\/div><\/div><\/div><div class=\"rbs-img  category1126 \" ><div class=\"rbs-img-image   rbs-lightbox \" ><div class=\"rbs-img-thumbs\"  data-thumbnail=\"https:\/\/acordeon.pt\/events\/wp-content\/uploads\/2024\/06\/Imagem3-e1717594694499.jpg\"  title=\"Imagem3\"  data-width=\"1340\"  data-height=\"1293\" ><\/div><div class=\"rbs-img-data-popup\"  data-popup=\"https:\/\/acordeon.pt\/events\/wp-content\/uploads\/2024\/06\/Imagem3-e1717594694499.jpg\"  title=\"Imagem3\" ><\/div><div class=\"thumbnail-overlay\"><div class=\"rbsIcons\"><i class=\"fa fa-search-plus rbsZoomIcon \" ><\/i><\/div><\/div><\/div><\/div><div class=\"rbs-img  category1126 \" ><div class=\"rbs-img-image   rbs-lightbox \" ><div class=\"rbs-img-thumbs\"  data-thumbnail=\"https:\/\/acordeon.pt\/events\/wp-content\/uploads\/2024\/06\/Imagem4.jpg\"  title=\"Imagem4\"  data-width=\"1946\"  data-height=\"2029\" ><\/div><div class=\"rbs-img-data-popup\"  data-popup=\"https:\/\/acordeon.pt\/events\/wp-content\/uploads\/2024\/06\/Imagem4.jpg\"  title=\"Imagem4\" ><\/div><div class=\"thumbnail-overlay\"><div class=\"rbsIcons\"><i class=\"fa fa-search-plus rbsZoomIcon \" ><\/i><\/div><\/div><\/div><\/div><div class=\"rbs-img  category1126 \" ><div class=\"rbs-img-image   rbs-lightbox \" ><div class=\"rbs-img-thumbs\"  data-thumbnail=\"https:\/\/acordeon.pt\/events\/wp-content\/uploads\/2024\/06\/Imagem1.jpg\"  title=\"Imagem1\"  data-width=\"640\"  data-height=\"720\" ><\/div><div class=\"rbs-img-data-popup\"  data-popup=\"https:\/\/acordeon.pt\/events\/wp-content\/uploads\/2024\/06\/Imagem1.jpg\"  title=\"Imagem1\" ><\/div><div class=\"thumbnail-overlay\"><div class=\"rbsIcons\"><i class=\"fa fa-search-plus rbsZoomIcon \" ><\/i><\/div><\/div><\/div><\/div><div class=\"rbs-img  category1126 \" ><div class=\"rbs-img-image   rbs-lightbox \" ><div class=\"rbs-img-thumbs\"  data-thumbnail=\"https:\/\/acordeon.pt\/events\/wp-content\/uploads\/2024\/06\/Imagem5.png\"  title=\"Imagem5\"  data-width=\"960\"  data-height=\"720\" ><\/div><div class=\"rbs-img-data-popup\"  data-popup=\"https:\/\/acordeon.pt\/events\/wp-content\/uploads\/2024\/06\/Imagem5.png\"  title=\"Imagem5\" ><\/div><div class=\"thumbnail-overlay\"><div class=\"rbsIcons\"><i class=\"fa fa-search-plus rbsZoomIcon \" ><\/i><\/div><\/div><\/div><\/div><div class=\"rbs-img  category1126 \" ><div class=\"rbs-img-image   rbs-lightbox \" ><div class=\"rbs-img-thumbs\"  data-thumbnail=\"https:\/\/acordeon.pt\/events\/wp-content\/uploads\/2024\/06\/Imagem6.jpg\"  title=\"Imagem6\"  data-width=\"960\"  data-height=\"720\" ><\/div><div class=\"rbs-img-data-popup\"  data-popup=\"https:\/\/acordeon.pt\/events\/wp-content\/uploads\/2024\/06\/Imagem6.jpg\"  title=\"Imagem6\" ><\/div><div class=\"thumbnail-overlay\"><div class=\"rbsIcons\"><i class=\"fa fa-search-plus rbsZoomIcon \" ><\/i><\/div><\/div><\/div><\/div><div class=\"rbs-img  category1126 \" ><div class=\"rbs-img-image   rbs-lightbox \" ><div class=\"rbs-img-thumbs\"  data-thumbnail=\"https:\/\/acordeon.pt\/events\/wp-content\/uploads\/2024\/06\/Imagem-WhatsApp-2024-06-05-as-14.28.39_a768d028.jpg\"  title=\"Imagem WhatsApp 2024-06-05 \u00e0s 14.28.39_a768d028\"  data-width=\"1438\"  data-height=\"960\" ><\/div><div class=\"rbs-img-data-popup\"  data-popup=\"https:\/\/acordeon.pt\/events\/wp-content\/uploads\/2024\/06\/Imagem-WhatsApp-2024-06-05-as-14.28.39_a768d028.jpg\"  title=\"Imagem WhatsApp 2024-06-05 \u00e0s 14.28.39_a768d028\" ><\/div><div class=\"thumbnail-overlay\"><div class=\"rbsIcons\"><i class=\"fa fa-search-plus rbsZoomIcon \" ><\/i><\/div><\/div><\/div><\/div><div class=\"rbs-img  category1126 \" ><div class=\"rbs-img-image   rbs-lightbox \" ><div class=\"rbs-img-thumbs\"  data-thumbnail=\"https:\/\/acordeon.pt\/events\/wp-content\/uploads\/2024\/06\/Imagem-WhatsApp-2024-06-05-as-14.31.02_3fc0eaa1.jpg\"  title=\"Imagem WhatsApp 2024-06-05 \u00e0s 14.31.02_3fc0eaa1\"  data-width=\"1814\"  data-height=\"2048\" ><\/div><div class=\"rbs-img-data-popup\"  data-popup=\"https:\/\/acordeon.pt\/events\/wp-content\/uploads\/2024\/06\/Imagem-WhatsApp-2024-06-05-as-14.31.02_3fc0eaa1.jpg\"  title=\"Imagem WhatsApp 2024-06-05 \u00e0s 14.31.02_3fc0eaa1\" ><\/div><div class=\"thumbnail-overlay\"><div class=\"rbsIcons\"><i class=\"fa fa-search-plus rbsZoomIcon \" ><\/i><\/div><\/div><\/div><\/div><div class=\"rbs-img  category1126 \" ><div class=\"rbs-img-image   rbs-lightbox \" ><div class=\"rbs-img-thumbs\"  data-thumbnail=\"https:\/\/acordeon.pt\/events\/wp-content\/uploads\/2024\/06\/Imagem-WhatsApp-2024-06-05-as-14.30.25_da6caa01-e1717594583348.jpg\"  title=\"Imagem WhatsApp 2024-06-05 \u00e0s 14.30.25_da6caa01\"  data-width=\"1213\"  data-height=\"1224\" ><\/div><div class=\"rbs-img-data-popup\"  data-popup=\"https:\/\/acordeon.pt\/events\/wp-content\/uploads\/2024\/06\/Imagem-WhatsApp-2024-06-05-as-14.30.25_da6caa01-e1717594583348.jpg\"  title=\"Imagem WhatsApp 2024-06-05 \u00e0s 14.30.25_da6caa01\" ><\/div><div class=\"thumbnail-overlay\"><div class=\"rbsIcons\"><i class=\"fa fa-search-plus rbsZoomIcon \" ><\/i><\/div><\/div><\/div><\/div><div class=\"rbs-img  category1126 \" ><div class=\"rbs-img-image   rbs-lightbox \" ><div class=\"rbs-img-thumbs\"  data-thumbnail=\"https:\/\/acordeon.pt\/events\/wp-content\/uploads\/2024\/06\/Imagem-WhatsApp-2024-06-05-as-14.31.36_38ab0796.jpg\"  title=\"Imagem WhatsApp 2024-06-05 \u00e0s 14.31.36_38ab0796\"  data-width=\"1600\"  data-height=\"1066\" ><\/div><div class=\"rbs-img-data-popup\"  data-popup=\"https:\/\/acordeon.pt\/events\/wp-content\/uploads\/2024\/06\/Imagem-WhatsApp-2024-06-05-as-14.31.36_38ab0796.jpg\"  title=\"Imagem WhatsApp 2024-06-05 \u00e0s 14.31.36_38ab0796\" ><\/div><div class=\"thumbnail-overlay\"><div class=\"rbsIcons\"><i class=\"fa fa-search-plus rbsZoomIcon \" ><\/i><\/div><\/div><\/div><\/div><\/div><\/div><\/div><script>var rbs_gallery_69f26f2ea4442 = {\"version\":\"3.2.16\",\"id\":1126,\"class\":\"id1126\",\"roboGalleryDelay\":1000,\"mainContainer\":\"#robo_gallery_main_block_rbs_gallery_69f26f2ea4442\",\"loadingContainer\":\"#rbs_gallery_69f26f2ea4442-block-loader\",\"loadingContainerObj\":\"rbs_gallery_69f26f2ea4442-block-loader\",\"columnWidth\":\"auto\",\"columns\":3,\"resolutions\":[{\"columnWidth\":\"auto\",\"columns\":3,\"maxWidth\":960},{\"columnWidth\":\"auto\",\"columns\":2,\"maxWidth\":650},{\"columnWidth\":\"auto\",\"columns\":1,\"maxWidth\":450}],\"hideTitle\":true,\"lightboxOptions\":{\"gallery\":{\"enabled\":true,\"tCounter\":\"%curr% of %total%\"}},\"overlayEffect\":\"direction-aware-fade\",\"boxesToLoadStart\":12,\"boxesToLoad\":8,\"waitUntilThumbLoads\":1,\"LoadingWord\":\"Loading...\",\"loadMoreWord\":\"Load More\",\"noMoreEntriesWord\":\"No More Entries\",\"horizontalSpaceBetweenBoxes\":15,\"verticalSpaceBetweenBoxes\":15,\"lazyLoad\":1,\"wrapContainer\":\"#robo-gallery-wrap-rbs_gallery_69f26f2ea4442\"};<\/script>\n\n\n<figure class=\"wp-block-image size-full\"><img loading=\"lazy\" decoding=\"async\" width=\"656\" height=\"160\" src=\"https:\/\/acordeon.pt\/events\/wp-content\/uploads\/2023\/08\/280215_orig.jpg\" alt=\"\" class=\"wp-image-64\" srcset=\"https:\/\/acordeon.pt\/events\/wp-content\/uploads\/2023\/08\/280215_orig.jpg 656w, https:\/\/acordeon.pt\/events\/wp-content\/uploads\/2023\/08\/280215_orig-300x73.jpg 300w\" sizes=\"(max-width: 656px) 100vw, 656px\" \/><\/figure>\n\n\n\n<p class=\"has-small-font-size\">A Quinta ACORDEON, iniciou a sua hist\u00f3ria em 1986.<br>Nasceu de uma pequena taberna familiar, onde se costumavam realizar bailes ao som do instrumento que d\u00e1 nome a esta quinta. Foi desta forma que, da boca do povo, surgiu o nome ACORDEON.<\/p>\n\n\n\n<p class=\"has-small-font-size\">Somos&nbsp;atualmente&nbsp; uma unidade hoteleira vocacionada para a realiza\u00e7\u00e3o de eventos sociais e profissionais, de todas as dimens\u00f5es.<br>Os nossos clientes recorrem aos nossos servi\u00e7os e recomendam-nos com base na excel\u00eancia na presta\u00e7\u00e3o de servi\u00e7os, na qualidade dos nossos produtos, postura profissional e dedicada, na aten\u00e7\u00e3o a cada detalhe e na nossa postura correta perante a sociedade.<\/p>\n\n\n\n<p class=\"has-small-font-size\">Orgulhamo-nos daquele que tem sido um percurso cheio de prest\u00edgio e reconhecimento e temos como objetivo manter-nos na vanguarda e privilegiar a plena satisfa\u00e7\u00e3o dos nossos clientes.<\/p>\n\n\n\n<p class=\"has-small-font-size\"><\/p>\n\n\n\n<h2 class=\"wp-block-heading\">OS NOSSOS TRUNFOS&#8230;<\/h2>\n\n\n\n<ul class=\"has-small-font-size\">\n<li>Estamos perto!&nbsp;&nbsp;                                                                                                                                                     <\/li>\n\n\n\n<li>Tri\u00e2ngulo Estrat\u00e9gico: Palmela, Moita, Barreiro (25 min. a Sul de Lisboa |   15 min. de Set\u00fabal)<\/li>\n\n\n\n<li>A 2\u00aa gera\u00e7\u00e3o da ACORDEON, que alia a experi\u00eancia e o reconhecimento adquiridos, ao longo deste percurso de&nbsp;3 d\u00e9cadas, com os s\u00f3cios fundadores: Tom\u00e9 Borges e Lurdes Borges, e o entusiasmo e dinamismo do &#8220;sangue novo&#8221;, Ana Borges e Lu\u00eds Borges. \u00c9 desta forma e com a energia e paix\u00e3o de uma grande equipa que conseguimos alcan\u00e7ar&nbsp;Eventos Memor\u00e1veis.<\/li>\n\n\n\n<li>\u00c1rea total da quinta conta com 3 hectares, inserido numa zona tranquila de campo;<\/li>\n\n\n\n<li>Amplos espa\u00e7os verdes: jardins, grutas e lagos;<\/li>\n\n\n\n<li>Espa\u00e7os com exclusividade;<\/li>\n\n\n\n<li><a href=\"http:\/\/www.acordeon.pt\/acordeon2\/index.php\/a-empresa#\">T<\/a>odas as infraestruturas e equipamentos necess\u00e1rios ao seu conforto;<\/li>\n\n\n\n<li>Equipamento de som e luzes;<\/li>\n\n\n\n<li><a href=\"http:\/\/www.acordeon.pt\/acordeon2\/index.php\/a-empresa#\">S<\/a>istema de videovigil\u00e2ncia;<\/li>\n\n\n\n<li><a href=\"http:\/\/www.acordeon.pt\/acordeon2\/index.php\/a-empresa#\">P<\/a>arque de estacionamento privado at\u00e9 400 viaturas;<\/li>\n\n\n\n<li>Sistema de Controlo Seguran\u00e7a Alimentar &#8211; Sistema HACCP &#8211; Hazard Analysus and Critical Control Point;<\/li>\n\n\n\n<li><a href=\"http:\/\/www.acordeon.pt\/acordeon2\/index.php\/a-empresa#\">S<\/a>omos uma empresa certificada, com preocupa\u00e7\u00f5es ambientais e sociais.<\/li>\n<\/ul>\n\n\n\n<p><\/p>\n\n\n\n<p><a href=\"https:\/\/www.casamentos.pt\"><\/a><\/p>\n\n\n\n<script src=\"https:\/\/cdn1.casamentos.pt\/js\/wp-widget.js?symfnw-PT69-1-20230818-006_www_m_\"><\/script>\n<div id=\"wp-widget-reviews\">\n    <div id=\"wp-widget-preview\">\n        Leia <a href=\"https:\/\/www.casamentos.pt\/quintas-para-casamentos\/acordeon--e51030\/opinioes\" rel=\"nofollow\" rel=\"nofollow\">as nossas opini\u00f5es<\/a> em &nbsp;\n        <a href='https:\/\/www.casamentos.pt' rel=\"nofollow\">\n            <img decoding=\"async\" src=\"https:\/\/cdn1.casamentos.pt\/assets\/img\/logos\/gen_logoHeader.svg\" height=\"20\">\n        <\/a>\n    <\/div>\n<\/div>\n<script>wpShowReviews(51030, \"red\");<\/script>\n","protected":false},"excerpt":{"rendered":"<p>A Quinta ACORDEON, iniciou a sua hist\u00f3ria em 1986.Nasceu de uma pequena taberna familiar, onde se costumavam realizar bailes ao som do instrumento que d\u00e1 nome a esta quinta. Foi desta forma que, da boca do povo, surgiu o nome ACORDEON. Somos&nbsp;atualmente&nbsp; uma unidade hoteleira vocacionada para a realiza\u00e7\u00e3o de eventos sociais e profissionais, de &hellip; <\/p>\n<p class=\"link-more\"><a href=\"https:\/\/acordeon.pt\/events\/sobre-2\/\" class=\"more-link\">Continuar a ler <span class=\"screen-reader-text\">&#8220;Sobre N\u00f3s&#8221;<\/span><\/a><\/p>\n","protected":false},"author":1,"featured_media":0,"parent":0,"menu_order":0,"comment_status":"closed","ping_status":"closed","template":"","meta":{"footnotes":""},"_links":{"self":[{"href":"https:\/\/acordeon.pt\/events\/wp-json\/wp\/v2\/pages\/309"}],"collection":[{"href":"https:\/\/acordeon.pt\/events\/wp-json\/wp\/v2\/pages"}],"about":[{"href":"https:\/\/acordeon.pt\/events\/wp-json\/wp\/v2\/types\/page"}],"author":[{"embeddable":true,"href":"https:\/\/acordeon.pt\/events\/wp-json\/wp\/v2\/users\/1"}],"replies":[{"embeddable":true,"href":"https:\/\/acordeon.pt\/events\/wp-json\/wp\/v2\/comments?post=309"}],"version-history":[{"count":11,"href":"https:\/\/acordeon.pt\/events\/wp-json\/wp\/v2\/pages\/309\/revisions"}],"predecessor-version":[{"id":1127,"href":"https:\/\/acordeon.pt\/events\/wp-json\/wp\/v2\/pages\/309\/revisions\/1127"}],"wp:attachment":[{"href":"https:\/\/acordeon.pt\/events\/wp-json\/wp\/v2\/media?parent=309"}],"curies":[{"name":"wp","href":"https:\/\/api.w.org\/{rel}","templated":true}]}}